{"id":17,"date":"2015-02-26T15:56:50","date_gmt":"2015-02-26T15:56:50","guid":{"rendered":"http:\/\/wp\/one-page\/?page_id=11"},"modified":"2026-04-29T06:33:20","modified_gmt":"2026-04-29T06:33:20","slug":"home","status":"publish","type":"page","link":"https:\/\/ebenmass-grafik.de\/","title":{"rendered":"Home"},"content":{"rendered":"<div id='01' class='avia-section main_color avia-section-default avia-no-border-styling avia-bg-style-scroll  avia-builder-el-0  el_before_av_section  avia-builder-el-first   av-minimum-height av-minimum-height-100 container_wrap sidebar_right' style='background-color: #ffffff;  '  ><div class='av-section-color-overlay-wrap'><a href='#next-section' title='' class='scroll-down-link  av-custom-scroll-down-color' style='color: #9a9a9a;' aria-hidden='true' data-av_icon='\ue877' data-av_iconfont='entypo-fontello'><\/a><div class='container' ><main  role=\"main\" itemprop=\"mainContentOfPage\"  class='template-page content  av-content-small alpha units'><div class='post-entry post-entry-type-page post-entry-17'><div class='entry-content-wrapper clearfix'>\n<div class='avia-image-container  av-styling-    avia-builder-el-1  el_before_av_hr  avia-builder-el-first  avia-align-center '  itemprop=\"image\" itemscope=\"itemscope\" itemtype=\"https:\/\/schema.org\/ImageObject\"  ><div class='avia-image-container-inner'><div class='avia-image-overlay-wrap'><img class='avia_image' src='https:\/\/ebenmass-grafik.de\/wp-content\/uploads\/2019\/02\/was_macht_ebenmass.png' alt='' title='was_macht_ebenmass' height=\"300\" width=\"1200\"  itemprop=\"thumbnailUrl\"  \/><\/div><\/div><\/div>\n<div style='height:50px' class='hr hr-invisible   avia-builder-el-2  el_after_av_image  el_before_av_heading '><span class='hr-inner ' ><span class='hr-inner-style'><\/span><\/span><\/div>\n<div style='padding-bottom:10px; color:#9b9b9a;font-size:30px;' class='av-special-heading av-special-heading-h3 custom-color-heading blockquote modern-quote  avia-builder-el-3  el_after_av_hr  el_before_av_one_half   av-inherit-size '><h3 class='av-special-heading-tag '  itemprop=\"headline\"  >ebenmass. Mit Grafik und Design Menschen bewegen<\/h3><div class='special-heading-border'><div class='special-heading-inner-border' style='border-color:#9b9b9a'><\/div><\/div><\/div>\n<div class=\"flex_column av_one_half  flex_column_div av-zero-column-padding first  avia-builder-el-4  el_after_av_heading  el_before_av_one_half  \" style='border-radius:0px; '><section class=\"av_textblock_section \"  itemscope=\"itemscope\" itemtype=\"https:\/\/schema.org\/CreativeWork\" ><div class='avia_textblock  '   itemprop=\"text\" ><p>IMPACT. Etwas bewegen, initiieren, nach vorne bringen. Mit guter Kommunikation, mit feiner Werbegrafik. Etwas ansto\u00dfen, ins Rollen bringen. Impulse geben. Botschaften aussenden, platzieren. Kommunizieren.<\/p>\n<\/div><\/section><\/div><div class=\"flex_column av_one_half  flex_column_div av-zero-column-padding   avia-builder-el-6  el_after_av_one_half  el_before_av_hr  \" style='border-radius:0px; '><section class=\"av_textblock_section \"  itemscope=\"itemscope\" itemtype=\"https:\/\/schema.org\/CreativeWork\" ><div class='avia_textblock  '   itemprop=\"text\" ><p>In Wort und Bild, mit Schrift und Plakat, mit Schild und Deckenh\u00e4nger. Menschen ansprechen, Menschen bewegen. ebenmass macht das. ebenmass begleitet Sie dabei. Mit grafik+design. Mit Lust an der Gestaltung und detailverliebter Produktion.<\/p>\n<\/div><\/section><\/div><div style='height:50px' class='hr hr-invisible   avia-builder-el-8  el_after_av_one_half  el_before_av_hr '><span class='hr-inner ' ><span class='hr-inner-style'><\/span><\/span><\/div>\n<div style=' margin-top:10px; margin-bottom:10px;'  class='hr hr-custom hr-center hr-icon-no   avia-builder-el-9  el_after_av_hr  el_before_av_hr '><span class='hr-inner   inner-border-av-border-thin' style=' width:1200px; border-color:#9a9a9a;' ><span class='hr-inner-style'><\/span><\/span><\/div>\n<div style='height:50px' class='hr hr-invisible   avia-builder-el-10  el_after_av_hr  el_before_av_one_third '><span class='hr-inner ' ><span class='hr-inner-style'><\/span><\/span><\/div>\n<div class=\"flex_column av_one_third  flex_column_div av-zero-column-padding first  avia-builder-el-11  el_after_av_hr  el_before_av_one_third  \" style='border-radius:0px; '><div style='padding-bottom:0px; margin:20px 0px 20px 0px; color:#aaaaaa;font-size:24px;' class='av-special-heading av-special-heading-h3 custom-color-heading blockquote modern-quote modern-centered  avia-builder-el-12  avia-builder-el-no-sibling   av-inherit-size '><h3 class='av-special-heading-tag '  itemprop=\"headline\"  >Visual Merchandising<\/h3><div class='special-heading-border'><div class='special-heading-inner-border' style='border-color:#aaaaaa'><\/div><\/div><\/div><\/div><div class=\"flex_column av_one_third  flex_column_div av-zero-column-padding   avia-builder-el-13  el_after_av_one_third  el_before_av_one_third  \" style='border-radius:0px; '><div style='padding-bottom:0px; margin:20px 0px 20px 0px; color:#aaaaaa;font-size:24px;' class='av-special-heading av-special-heading-h3 custom-color-heading blockquote modern-quote modern-centered  avia-builder-el-14  avia-builder-el-no-sibling   av-inherit-size '><h3 class='av-special-heading-tag '  itemprop=\"headline\"  >Instore Kommunikation<\/h3><div class='special-heading-border'><div class='special-heading-inner-border' style='border-color:#aaaaaa'><\/div><\/div><\/div><\/div><div class=\"flex_column av_one_third  flex_column_div av-zero-column-padding   avia-builder-el-15  el_after_av_one_third  el_before_av_hr  \" style='border-radius:0px; '><div style='padding-bottom:0px; margin:20px 0px 20px 0px; color:#aaaaaa;font-size:24px;' class='av-special-heading av-special-heading-h3 custom-color-heading blockquote modern-quote modern-centered  avia-builder-el-16  avia-builder-el-no-sibling   av-inherit-size '><h3 class='av-special-heading-tag '  itemprop=\"headline\"  >Messe- und Eventgrafik<\/h3><div class='special-heading-border'><div class='special-heading-inner-border' style='border-color:#aaaaaa'><\/div><\/div><\/div><\/div><div style='height:50px' class='hr hr-invisible   avia-builder-el-17  el_after_av_one_third  el_before_av_hr '><span class='hr-inner ' ><span class='hr-inner-style'><\/span><\/span><\/div>\n<div style=' margin-top:10px; margin-bottom:30px;'  class='hr hr-custom hr-center hr-icon-no   avia-builder-el-18  el_after_av_hr  avia-builder-el-last '><span class='hr-inner   inner-border-av-border-thin' style=' width:1200px; border-color:#9a9a9a;' ><span class='hr-inner-style'><\/span><\/span><\/div>\n\n<\/div><\/div><\/main><!-- close content main element --><\/div><\/div><\/div><div id='02' class='avia-section main_color avia-section-default avia-no-border-styling avia-bg-style-scroll  avia-builder-el-19  el_after_av_section  el_before_av_section   av-minimum-height av-minimum-height-75 container_wrap sidebar_right' style='background-color: #ededed;  '  ><div class='av-section-color-overlay-wrap'><a href='#next-section' title='' class='scroll-down-link  av-custom-scroll-down-color' style='color: #9a9a9a;' aria-hidden='true' data-av_icon='\ue877' data-av_iconfont='entypo-fontello'><\/a><div class='container' ><div class='template-page content  av-content-small alpha units'><div class='post-entry post-entry-type-page post-entry-17'><div class='entry-content-wrapper clearfix'>\n<div class='avia-image-container  av-styling-    avia-builder-el-20  el_before_av_hr  avia-builder-el-first  avia-align-center '  itemprop=\"image\" itemscope=\"itemscope\" itemtype=\"https:\/\/schema.org\/ImageObject\"  ><div class='avia-image-container-inner'><div class='avia-image-overlay-wrap'><img class='avia_image' src='https:\/\/ebenmass-grafik.de\/wp-content\/uploads\/2019\/02\/was_ist_ebenmass-1.png' alt='' title='was_ist_ebenmass' height=\"300\" width=\"1200\"  itemprop=\"thumbnailUrl\"  \/><\/div><\/div><\/div>\n<div style='height:50px' class='hr hr-invisible   avia-builder-el-21  el_after_av_image  el_before_av_heading '><span class='hr-inner ' ><span class='hr-inner-style'><\/span><\/span><\/div>\n<div style='padding-bottom:10px; color:#9b9b9a;font-size:30px;' class='av-special-heading av-special-heading-h3 custom-color-heading blockquote modern-quote  avia-builder-el-22  el_after_av_hr  el_before_av_one_half   av-inherit-size '><h3 class='av-special-heading-tag '  itemprop=\"headline\"  >M\u00f6gen Sie gutes Teamwork?<\/h3><div class='special-heading-border'><div class='special-heading-inner-border' style='border-color:#9b9b9a'><\/div><\/div><\/div>\n<div class=\"flex_column av_one_half  flex_column_div av-zero-column-padding first  avia-builder-el-23  el_after_av_heading  el_before_av_one_half  \" style='border-radius:0px; '><section class=\"av_textblock_section \"  itemscope=\"itemscope\" itemtype=\"https:\/\/schema.org\/CreativeWork\" ><div class='avia_textblock  '   itemprop=\"text\" ><p>Schon immer haben wir ein enges Verh\u00e4ltnis zu unseren Kunden. Steigen wir in ein Projekt ein, gehen wir an Bord. Wir nehmen nicht nur Auftr\u00e4ge entgegen und liefern, sondern machen mit. Denken mit, schauen, wo sich etwas feiner, besser, sch\u00f6ner, wirkungsvoller gestalten oder produzieren l\u00e4sst.<\/p>\n<\/div><\/section><\/div><div class=\"flex_column av_one_half  flex_column_div av-zero-column-padding   avia-builder-el-25  el_after_av_one_half  el_before_av_hr  \" style='border-radius:0px; '><section class=\"av_textblock_section \"  itemscope=\"itemscope\" itemtype=\"https:\/\/schema.org\/CreativeWork\" ><div class='avia_textblock  '   itemprop=\"text\" ><p>Wir begleiten unsere Kunden, weil wir m\u00f6chten, dass sie sich bei uns gut f\u00fchlen. Im professionellen und menschlichen Sinne. Dadurch l\u00e4sst sich gemeinsam mehr erreichen, das zeigt die Erfahrung. Und m\u00fcssen wir mal am Wochenende die Kohlen aus dem Feuer holen, machen wir das.<\/p>\n<\/div><\/section><\/div><div style='height:50px' class='hr hr-invisible   avia-builder-el-27  el_after_av_one_half  el_before_av_heading '><span class='hr-inner ' ><span class='hr-inner-style'><\/span><\/span><\/div>\n<div style='padding-bottom:10px; color:#9b9b9a;font-size:30px;' class='av-special-heading av-special-heading-h3 custom-color-heading blockquote modern-quote  avia-builder-el-28  el_after_av_hr  el_before_av_one_half   av-inherit-size '><h3 class='av-special-heading-tag '  itemprop=\"headline\"  >An der Seite anspruchsvoller Kunden<\/h3><div class='special-heading-border'><div class='special-heading-inner-border' style='border-color:#9b9b9a'><\/div><\/div><\/div>\n<div class=\"flex_column av_one_half  flex_column_div av-zero-column-padding first  avia-builder-el-29  el_after_av_heading  el_before_av_one_half  \" style='border-radius:0px; '><section class=\"av_textblock_section \"  itemscope=\"itemscope\" itemtype=\"https:\/\/schema.org\/CreativeWork\" ><div class='avia_textblock  '   itemprop=\"text\" ><p><span class=\"\">Sie m\u00f6chten wissen, f\u00fcr wen wir arbeiten. Um abzusch\u00e4tzen, ob wir Ihre Erwartungen erf\u00fcllen k\u00f6nnen. Lassen Sie es uns so sagen: Wir arbeiten f\u00fcr nationale Kunden mit Anspruch. F\u00fcr <\/span><em>Brands<\/em><span class=\"\"> im Consumer-Segment.<\/span><\/p>\n<\/div><\/section><\/div><div class=\"flex_column av_one_half  flex_column_div av-zero-column-padding   avia-builder-el-31  el_after_av_one_half  el_before_av_hr  \" style='border-radius:0px; '><section class=\"av_textblock_section \"  itemscope=\"itemscope\" itemtype=\"https:\/\/schema.org\/CreativeWork\" ><div class='avia_textblock  '   itemprop=\"text\" ><p>Hier geht es um schnelle, griffige, sch\u00f6ne, feingeschliffene, wirkungsvolle Kommunikation. ZACK! Die Logos unten stehen f\u00fcr Unternehmen, die uns seit Jahren vertrauen und unser K\u00f6nnen kontinuierlich wertsch\u00e4tzen.<\/p>\n<\/div><\/section><\/div><div style='height:100px' class='hr hr-invisible   avia-builder-el-33  el_after_av_one_half  el_before_av_one_full '><span class='hr-inner ' ><span class='hr-inner-style'><\/span><\/span><\/div>\n<div class=\"flex_column av_one_full  flex_column_div av-zero-column-padding first  avia-builder-el-34  el_after_av_hr  avia-builder-el-last  \" style='border-radius:0px; '><div class='avia-image-container  av-styling-    avia-builder-el-35  avia-builder-el-no-sibling  avia-align-center '  itemprop=\"image\" itemscope=\"itemscope\" itemtype=\"https:\/\/schema.org\/ImageObject\"  ><div class='avia-image-container-inner'><div class='avia-image-overlay-wrap'><img class='avia_image' src='https:\/\/ebenmass-grafik.de\/wp-content\/uploads\/2025\/06\/logos_2025_hellgrau-2.png' alt='' title='logos_2025_hellgrau' height=\"174\" width=\"1418\"  itemprop=\"thumbnailUrl\"  \/><\/div><\/div><\/div><\/div>\n\n<\/div><\/div><\/div><!-- close content main div --><\/div><\/div><\/div><div id='03' class='avia-section main_color avia-section-default avia-no-border-styling avia-bg-style-scroll  avia-builder-el-36  el_after_av_section  el_before_av_section   av-minimum-height av-minimum-height-100 container_wrap sidebar_right' style='background-color: #ffffff;  '  ><div class='av-section-color-overlay-wrap'><a href='#next-section' title='' class='scroll-down-link  av-custom-scroll-down-color' style='color: #9a9a9a;' aria-hidden='true' data-av_icon='\ue877' data-av_iconfont='entypo-fontello'><\/a><div class='container' ><div class='template-page content  av-content-small alpha units'><div class='post-entry post-entry-type-page post-entry-17'><div class='entry-content-wrapper clearfix'>\n<div class='avia-image-container  av-styling-    avia-builder-el-37  el_before_av_hr  avia-builder-el-first  avia-align-center '  itemprop=\"image\" itemscope=\"itemscope\" itemtype=\"https:\/\/schema.org\/ImageObject\"  ><div class='avia-image-container-inner'><div class='avia-image-overlay-wrap'><img class='avia_image' src='https:\/\/ebenmass-grafik.de\/wp-content\/uploads\/2019\/03\/wie_denkt_ebenmass-cloud-2.png' alt='' title='wie_denkt_ebenmass-cloud' height=\"300\" width=\"1200\"  itemprop=\"thumbnailUrl\"  \/><\/div><\/div><\/div>\n<div style='height:50px' class='hr hr-invisible   avia-builder-el-38  el_after_av_image  el_before_av_heading '><span class='hr-inner ' ><span class='hr-inner-style'><\/span><\/span><\/div>\n<div style='padding-bottom:10px; color:#9b9b9a;font-size:30px;' class='av-special-heading av-special-heading-h3 custom-color-heading blockquote modern-quote  avia-builder-el-39  el_after_av_hr  el_before_av_one_half   av-inherit-size '><h3 class='av-special-heading-tag '  itemprop=\"headline\"  >Feine Inszenierungen<\/h3><div class='special-heading-border'><div class='special-heading-inner-border' style='border-color:#9b9b9a'><\/div><\/div><\/div>\n<div class=\"flex_column av_one_half  flex_column_div av-zero-column-padding first  avia-builder-el-40  el_after_av_heading  el_before_av_one_half  \" style='border-radius:0px; '><section class=\"av_textblock_section \"  itemscope=\"itemscope\" itemtype=\"https:\/\/schema.org\/CreativeWork\" ><div class='avia_textblock  '   itemprop=\"text\" ><p>Menschen Marken vor Augen f\u00fchren und erleben lassen. Markenzeichen setzen, inszenieren. Menschen f\u00fchren, leiten. Den Weg weisen. Dorthin, wo die Dinge platziert sind, die sie sich w\u00fcnschen, die sie suchen. Sehns\u00fcchte wecken, aufnehmen. In Stores, im Ladenbau, auf Messen. Visual Merchandising, Messe- und Event-Grafik.<\/p>\n<\/div><\/section><\/div><div class=\"flex_column av_one_half  flex_column_div av-zero-column-padding   avia-builder-el-42  el_after_av_one_half  el_before_av_hr  \" style='border-radius:0px; '><section class=\"av_textblock_section \"  itemscope=\"itemscope\" itemtype=\"https:\/\/schema.org\/CreativeWork\" ><div class='avia_textblock  '   itemprop=\"text\" ><p>Immer einen Tick sch\u00f6ner, feiner, durchdachter. Auf Wirkung bedacht, auf Funktion und Emotion. Darauf fokussieren wir uns bei ebenmass. Mit Erfahrung, Fingerspitzengef\u00fchl und der Freude an der Gestaltung und Produktion guter, wirkungsvoller Kommunikation in gro\u00dfen Lettern, sch\u00f6nen Bildern, feinen Deckenh\u00e4ngern\u2026<\/p>\n<\/div><\/section><\/div><div style='height:100px' class='hr hr-invisible   avia-builder-el-44  el_after_av_one_half  avia-builder-el-last '><span class='hr-inner ' ><span class='hr-inner-style'><\/span><\/span><\/div>\n\n<\/div><\/div><\/div><!-- close content main div --><\/div><\/div><\/div><div id='04' class='avia-section main_color avia-section-default avia-no-border-styling avia-bg-style-scroll  avia-builder-el-45  el_after_av_section  avia-builder-el-last   av-minimum-height av-minimum-height-100 container_wrap sidebar_right' style='background-color: #ededed;  '  ><div class='container' ><div class='template-page content  av-content-small alpha units'><div class='post-entry post-entry-type-page post-entry-17'><div class='entry-content-wrapper clearfix'>\n<div class='avia-image-container  av-styling-    avia-builder-el-46  el_before_av_hr  avia-builder-el-first  avia-align-center '  itemprop=\"image\" itemscope=\"itemscope\" itemtype=\"https:\/\/schema.org\/ImageObject\"  ><div class='avia-image-container-inner'><div class='avia-image-overlay-wrap'><img class='avia_image' src='https:\/\/ebenmass-grafik.de\/wp-content\/uploads\/2019\/03\/wir_muessen_reden.png' alt='' title='wir_muessen_reden' height=\"300\" width=\"1200\"  itemprop=\"thumbnailUrl\"  \/><\/div><\/div><\/div>\n<div style='height:100px' class='hr hr-invisible   avia-builder-el-47  el_after_av_image  el_before_av_heading '><span class='hr-inner ' ><span class='hr-inner-style'><\/span><\/span><\/div>\n<div style='padding-bottom:10px; color:#9b9b9a;font-size:30px;' class='av-special-heading av-special-heading-h3 custom-color-heading blockquote modern-quote  avia-builder-el-48  el_after_av_hr  el_before_av_one_half   av-inherit-size '><h3 class='av-special-heading-tag '  itemprop=\"headline\"  >Wir m\u00fcssen reden<\/h3><div class='special-heading-border'><div class='special-heading-inner-border' style='border-color:#9b9b9a'><\/div><\/div><\/div>\n<div class=\"flex_column av_one_half  flex_column_div av-zero-column-padding first  avia-builder-el-49  el_after_av_heading  el_before_av_one_half  \" style='border-radius:0px; '><section class=\"av_textblock_section \"  itemscope=\"itemscope\" itemtype=\"https:\/\/schema.org\/CreativeWork\" ><div class='avia_textblock  '   itemprop=\"text\" ><p>Wenn Sie glauben, dass wir zu Ihnen und Ihren Projekten passen. Wenn Sie sich w\u00fcnschen, was wir Ihnen bieten.<\/p>\n<\/div><\/section><\/div><div class=\"flex_column av_one_half  flex_column_div av-zero-column-padding   avia-builder-el-51  el_after_av_one_half  el_before_av_hr  \" style='border-radius:0px; '><section class=\"av_textblock_section \"  itemscope=\"itemscope\" itemtype=\"https:\/\/schema.org\/CreativeWork\" ><div class='avia_textblock  '   itemprop=\"text\" ><p>Wenn Sie rund um grafik+design Unterst\u00fctzung auf Augenh\u00f6he suchen. Sprechen Sie mit uns:<\/p>\n<\/div><\/section><\/div><div style='height:100px' class='hr hr-invisible   avia-builder-el-53  el_after_av_one_half  el_before_av_contact '><span class='hr-inner ' ><span class='hr-inner-style'><\/span><\/span><\/div>\n<form action=\"https:\/\/ebenmass-grafik.de\/\" method=\"post\"  class=\"avia_ajax_form av-form-labels-visible   avia-builder-el-54  el_after_av_hr  avia-builder-el-last   \" data-avia-form-id=\"1\" data-avia-redirect=''><fieldset><p class=' first_form  form_element form_fullwidth' id='element_avia_1_1'><label for=\"avia_1_1\">Name <abbr class=\"required\" title=\"ben\u00f6tigt\">*<\/abbr><\/label> <input name=\"avia_1_1\" class=\"text_input is_empty\" type=\"text\" id=\"avia_1_1\" value=\"\" \/><\/p><p class=' first_form  form_element form_fullwidth' id='element_avia_2_1'><label for=\"avia_2_1\">E-Mail <abbr class=\"required\" title=\"ben\u00f6tigt\">*<\/abbr><\/label> <input name=\"avia_2_1\" class=\"text_input is_email\" type=\"text\" id=\"avia_2_1\" value=\"\" \/><\/p><p class=' first_form  form_element form_fullwidth' id='element_avia_3_1'><label for=\"avia_3_1\">Betreff <abbr class=\"required\" title=\"ben\u00f6tigt\">*<\/abbr><\/label> <input name=\"avia_3_1\" class=\"text_input is_empty\" type=\"text\" id=\"avia_3_1\" value=\"\" \/><\/p><p class=' first_form  form_element form_fullwidth' id='element_avia_4_1'>\t <label for=\"avia_4_1\" class=\"textare_label hidden textare_label_avia_4_1\">Nachricht <abbr class=\"required\" title=\"ben\u00f6tigt\">*<\/abbr><\/label>\t <textarea  name=\"avia_4_1\" class=\"text_area is_empty\" cols=\"40\" rows=\"7\" id=\"avia_4_1\" ><\/textarea><\/p><p class=\"hidden\"><input type=\"text\" name=\"avia_5_1\" class=\"hidden \" id=\"avia_5_1\" value=\"\" \/><\/p><p class='av_form_privacy_check av_contact_privacy_check first_form  form_element form_fullwidth' id='element_avia_6_1'>    <input  name=\"avia_6_1\" class=\"input_checkbox is_empty\" type=\"checkbox\" id=\"avia_6_1\" value=\"true\"\/><label class=\"input_checkbox_label\" for=\"avia_6_1\">Hiermit erkl\u00e4re ich mich mit der Datenschutzbelehrung einverstanden. <abbr class=\"required\" title=\"ben\u00f6tigt\">*<\/abbr><\/label><\/p><p class=\"form_element \"><input type=\"hidden\" value=\"1\" name=\"avia_generated_form1\" \/><input type=\"submit\" value=\"Senden\" class=\"button\"  data-sending-label=\"Sende\"\/><\/p><\/fieldset><\/form><div id=\"ajaxresponse_1\" class=\"ajaxresponse ajaxresponse_1 hidden\"><\/div>\n<\/div><\/div><\/div><!-- close content main div --><\/div><\/div><div id='after_section_4' class='main_color av_default_container_wrap container_wrap sidebar_right' style=' '  ><div class='container' ><div class='template-page content  av-content-small alpha units'><div class='post-entry post-entry-type-page post-entry-17'><div class='entry-content-wrapper clearfix'>\n","protected":false},"excerpt":{"rendered":"","protected":false},"author":1,"featured_media":0,"parent":0,"menu_order":0,"comment_status":"open","ping_status":"open","template":"","meta":{"footnotes":""},"class_list":["post-17","page","type-page","status-publish","hentry"],"_links":{"self":[{"href":"https:\/\/ebenmass-grafik.de\/index.php?rest_route=\/wp\/v2\/pages\/17","targetHints":{"allow":["GET"]}}],"collection":[{"href":"https:\/\/ebenmass-grafik.de\/index.php?rest_route=\/wp\/v2\/pages"}],"about":[{"href":"https:\/\/ebenmass-grafik.de\/index.php?rest_route=\/wp\/v2\/types\/page"}],"author":[{"embeddable":true,"href":"https:\/\/ebenmass-grafik.de\/index.php?rest_route=\/wp\/v2\/users\/1"}],"replies":[{"embeddable":true,"href":"https:\/\/ebenmass-grafik.de\/index.php?rest_route=%2Fwp%2Fv2%2Fcomments&post=17"}],"version-history":[{"count":57,"href":"https:\/\/ebenmass-grafik.de\/index.php?rest_route=\/wp\/v2\/pages\/17\/revisions"}],"predecessor-version":[{"id":4153,"href":"https:\/\/ebenmass-grafik.de\/index.php?rest_route=\/wp\/v2\/pages\/17\/revisions\/4153"}],"wp:attachment":[{"href":"https:\/\/ebenmass-grafik.de\/index.php?rest_route=%2Fwp%2Fv2%2Fmedia&parent=17"}],"curies":[{"name":"wp","href":"https:\/\/api.w.org\/{rel}","templated":true}]}}